{"id":117,"date":"2020-10-28T12:38:24","date_gmt":"2020-10-28T11:38:24","guid":{"rendered":"http:\/\/demotickerberlin.blackblogs.org\/?page_id=117"},"modified":"2020-10-28T12:38:24","modified_gmt":"2020-10-28T11:38:24","slug":"tipps-zum-tickern","status":"publish","type":"page","link":"https:\/\/demotickerberlin.noblogs.org\/?page_id=117","title":{"rendered":"Tipps zum tickern"},"content":{"rendered":"<p><strong>Der pers\u00f6nliche Aspekt der politischen Aktivit\u00e4t als \u201eTicker\u201c<\/strong><\/p>\n<p>Das Tickern auf Demonstrationen \/ Kundgebungen ist manchmal nicht gerade die leichteste Aufgabe. Man braucht Zeit, eine gute Beobachtungsgabe die man auch kurz in Worte fassen kann und manchmal auch sehr viel Ausdauer.<\/p>\n<p>Zum einen muss man gut unterwegs sein, um sich einen \u00dcberblick zu verschaffen. Oftmals \u201esprintest\u201c Du mehrmals \u00fcber den gesamten Platz, vom Anfang des Zuges bis zum Ende und wieder zur\u00fcck, klapperst vorher schon das Umfeld ab oder versuchst mit dem Frontblock mitzuhalten.<\/p>\n<p>Zum anderen tr\u00e4gt man auch neben pers\u00f6nlichem Risiko eine gro\u00dfe Verantwortung f\u00fcr seine Genoss:innen. Ist auf Dich verlass, berichtest Du schnell, sachlich und informativ, dann wird man Dir und Deinen Informationen vertrauen.<\/p>\n<p><strong>Wichtig:&nbsp;<\/strong>Du bist immer Beobachter:in, Du bist niemals Akteur:in!<\/p>\n<p>Die grundlegenden Informationen eines Ticker lassen sich in 3 x W zusammen fassen:&nbsp;<strong>Was? Wann? Wo?<\/strong><\/p>\n<p><strong>Beispiel:<\/strong><\/p>\n<p><em>20:37 &#8211; Bullen versuchen die Sponti in der Flughafenstra\u00dfe zu kesseln. Mainzerstra\u00dfe Richtung Boddinplatz aktuell noch frei. Richtung Hermannstra\u00dfe und Karl-Marx-Stra\u00dfe viele Wannen. #b0608 #RausAusDerDefensive<\/em><\/p>\n<p>Die Bullen werden Dich daf\u00fcr irgendwann hassen, aus dem Grund macht es schon Sinn, sich mit anderen zusammenzuschlie\u00dfen oder mit einer kleinen Bezugsgruppe unterwegs zu sein.<\/p>\n<p>Willst oder musst Du alleine los gehen, vielleicht um n\u00e4her an brenzligen Situationen zu sein, sind \u201ezivile\u201c Klamotten und die \u00dcberlegung an einen Presseausweis vielleicht nicht verkehrt.<\/p>\n<p><strong>Tickern \u00fcber Twitter<\/strong><\/p>\n<p>Wer schon mal einen Tweet abgesetzt hat, der wei\u00df eigentlich wie es technisch funktioniert. Um Dich nicht so leicht angreifbar zu machen, solltest Du Deinen Twitter Account mit einer anonymen Prepaid SIM verifizieren, alle Einstellungen in Datenschutz und Sicherheit pr\u00fcfen und im Idealfall mit Deinem Smartphone nur \u00fcber \u00fcber VPN connecten.&nbsp;<\/p>\n<p>Was Du brauchst ist Reichweite, das Gl\u00fcck, dass Deine Follower:innen Dich in ihrer Timeline lesen und im Idealfall retweeten.<\/p>\n<p>Damit das funktioniert, recherchiere genau, welche&nbsp;<strong>Hashtags<\/strong>&nbsp;von den Veranstalter:innen verwendet wurden und versuche Dich an den lokalen \u201eStandards\u201c zu orientieren, damit Du auch \u00fcber Hashtag gefunden wirst. Beispiel&nbsp;<strong><em>#b1312 #besetzen<\/em><\/strong>&nbsp;eine Aktion, Demo oder Besetzung am 13. Dezember in Berlin). Das msolltest Du dann in jedem Tweet angeben.<\/p>\n<p><strong>Tickern \u00fcber Telegram<\/strong><\/p>\n<p>Das ist im Grunde genauso einfach, wie das Schreiben einer Messenger Nachricht, nur mit dem Unterschied, Du kriegst in einem Kanal keine Antworten, Likes oder Kommentare.<\/p>\n<p><img loading=\"lazy\" decoding=\"async\" class=\"wp-image-138 alignleft\" src=\"https:\/\/demotickerberlin.noblogs.org\/files\/2020\/10\/tipps_1-169x300.png\" alt=\"\" width=\"250\" height=\"444\" \/><\/p>\n<p>Bevor Du einen Kanal einrichtest, solltest Du Dein Telegram Konto von Deiner privaten Rufnummer oder privatem Telegram Konto trennen.<\/p>\n<p>Ideal w\u00e4re ein \u201eDemo Smartphone\u201c, wenn das finanziell nicht drin ist (2. Smartphone, Traffic), kannst Du Dir mit einer anonymen Prepaid SIM Karte ein neues Telegram Konto einrichten und auf dem gleichen Smartphone parallel verwalten. Bis zu 3 Konten sind m\u00f6glich.<\/p>\n<p>Die SIM Karte muss dazu nicht mal im Smartphone sein, es reicht ein simples Handy aus, mit dem Du eine SMS empfangen und das neue Konto verifizieren kannst.<\/p>\n<p>Auch hier empfehlen wir grunds\u00e4tzlich, die Netzwerkverbindung mit einem VPN aufzubauen. Nichts und niemand muss Deine tats\u00e4chlich zugewiesene IP Adresse kennen, VPNs verschleiern Standort und IP.<\/p>\n<p>Nat\u00fcrlich solltest Du wie bei Twitter keinen Klarnamen verwenden. Um Reichweite f\u00fcr Deinen neuen Telegram Ticker aufzubauen, macht zum Beispiel Dein Twitter Name Sinn.<\/p>\n<p>Bevor Du einen neuen Kanal erstellst, stellst Du in den Einstellungen erst mal alles aus und ab was geht, Du willst mit dem Konto nur tickern und nichts anderes:<\/p>\n<p><img loading=\"lazy\" decoding=\"async\" class=\"alignnone wp-image-128\" src=\"https:\/\/demotickerberlin.noblogs.org\/files\/2020\/10\/tipps_2-169x300.png\" alt=\"\" width=\"250\" height=\"444\" \/>&nbsp;<img loading=\"lazy\" decoding=\"async\" class=\"alignnone wp-image-129\" src=\"https:\/\/demotickerberlin.noblogs.org\/files\/2020\/10\/tipps_3-169x300.png\" alt=\"\" width=\"250\" height=\"444\" \/><\/p>\n<p>Anschlie\u00dfend erstellst Du Deinen Ticker Kanal, wahlweise \u201e\u00d6ffentlich\u201c (jeder kann \u00fcber geteilten Link oder Telegram Suche beitreten) oder \u201ePrivat\u201c (wird in der Telegram Suche nicht gefunden, muss eingeladen werden). Willst Du viele Menschen erreichen, macht \u00f6ffentlich Sinn.<\/p>\n<p><img loading=\"lazy\" decoding=\"async\" class=\"wp-image-130 alignnone\" src=\"https:\/\/demotickerberlin.noblogs.org\/files\/2020\/10\/tipps_4-169x300.png\" alt=\"\" width=\"250\" height=\"444\" \/>&nbsp;<img loading=\"lazy\" decoding=\"async\" class=\"alignnone wp-image-131\" src=\"https:\/\/demotickerberlin.noblogs.org\/files\/2020\/10\/tipps_5-300x248.png\" alt=\"\" width=\"200\" height=\"165\" \/><\/p>\n<p>Nachrichten Unterschreiben ist eine sehr sch\u00f6ne Funktion, wenn ein Kollektiv aus einzelnen Menschen oder Gruppen sich zusammenschlie\u00dft, den Telegram Ticker und seine Reichweite gemeinsam zu gleichen oder unterschiedlichen Anl\u00e4ssen nutzt. Die Leser:innen k\u00f6nnen den Ticker auch nach der Unterschrift durchsuchen, zum Beispiel wenn sie schnell alle Infos zu einer Kundgebung im S\u00fcdkiez lesen wollen, aber noch Veranstaltungen im Nordkiez oder Mitte stattfinden.<\/p>\n<p>Auch hier macht es durchaus Sinn, die lokalen Twitter #Hashtags der Veranstaltung mit in jeden Post zu setzen. Damit machst Du es zum einen leichter den Bezug zu weiteren Informationen \u00fcber Twitter herzustellen, zum anderen macht es Sinn, in den Anf\u00e4ngen per Copy &amp; Paste Deine Ticker-Tweets in den Telegram Kanal 1:1 zu kopieren, bis sich der Telegram-Kanal in der \u201eSzene\u201c etabliert hat oder wenn Du mehr Interessent:innen dazu gewinnen willst.<\/p>\n","protected":false},"excerpt":{"rendered":"<p>Der pers\u00f6nliche Aspekt der politischen Aktivit\u00e4t als \u201eTicker\u201c Das Tickern auf Demonstrationen \/ Kundgebungen ist manchmal nicht gerade die leichteste Aufgabe. Man braucht Zeit, eine gute Beobachtungsgabe die man auch kurz in Worte fassen kann und manchmal auch sehr viel Ausdauer. Zum einen muss man gut unterwegs sein, um sich einen \u00dcberblick zu verschaffen. Oftmals &hellip; <\/p>\n<p class=\"link-more\"><a href=\"https:\/\/demotickerberlin.noblogs.org\/?page_id=117\" class=\"more-link\"><span class=\"screen-reader-text\">\u201eTipps zum tickern\u201c <\/span>weiterlesen<\/a><\/p>\n","protected":false},"author":13687,"featured_media":0,"parent":111,"menu_order":2,"comment_status":"closed","ping_status":"closed","template":"","meta":{"footnotes":""},"class_list":["post-117","page","type-page","status-publish","hentry"],"_links":{"self":[{"href":"https:\/\/demotickerberlin.noblogs.org\/index.php?rest_route=\/wp\/v2\/pages\/117","targetHints":{"allow":["GET"]}}],"collection":[{"href":"https:\/\/demotickerberlin.noblogs.org\/index.php?rest_route=\/wp\/v2\/pages"}],"about":[{"href":"https:\/\/demotickerberlin.noblogs.org\/index.php?rest_route=\/wp\/v2\/types\/page"}],"author":[{"embeddable":true,"href":"https:\/\/demotickerberlin.noblogs.org\/index.php?rest_route=\/wp\/v2\/users\/13687"}],"replies":[{"embeddable":true,"href":"https:\/\/demotickerberlin.noblogs.org\/index.php?rest_route=%2Fwp%2Fv2%2Fcomments&post=117"}],"version-history":[{"count":1,"href":"https:\/\/demotickerberlin.noblogs.org\/index.php?rest_route=\/wp\/v2\/pages\/117\/revisions"}],"predecessor-version":[{"id":2798,"href":"https:\/\/demotickerberlin.noblogs.org\/index.php?rest_route=\/wp\/v2\/pages\/117\/revisions\/2798"}],"up":[{"embeddable":true,"href":"https:\/\/demotickerberlin.noblogs.org\/index.php?rest_route=\/wp\/v2\/pages\/111"}],"wp:attachment":[{"href":"https:\/\/demotickerberlin.noblogs.org\/index.php?rest_route=%2Fwp%2Fv2%2Fmedia&parent=117"}],"curies":[{"name":"wp","href":"https:\/\/api.w.org\/{rel}","templated":true}]}}