{"id":2836,"date":"2023-01-03T19:27:37","date_gmt":"2023-01-03T18:27:37","guid":{"rendered":"https:\/\/demotickerberlin.noblogs.org\/?page_id=2836"},"modified":"2023-01-03T19:56:44","modified_gmt":"2023-01-03T18:56:44","slug":"der-blog","status":"publish","type":"page","link":"https:\/\/demotickerberlin.noblogs.org\/?page_id=2836","title":{"rendered":"Der Blog"},"content":{"rendered":"\n<p>Da wir Ticker und Ank\u00fcndigungen nicht mehr alleine stemmen k\u00f6nnen, arbeiten wir mit den Gef\u00e4hrt_innen von <a rel=\"noreferrer noopener\" href=\"https:\/\/asanb.noblogs.org\/\" target=\"_blank\">ASAN Berlin<\/a> zusammen.<\/p>\n\n\n\n<p>Hier findet Ihr alle Ank\u00fcndigungen, unabh\u00e4ngig davon ob wir Sie begleiten oder nicht im &#8222;Berlin Demo Kalender&#8220;.  Die Gef\u00e4hrt_innen spiegeln das auch in Deutsch und Englisch auf den Berlin Demo Telegram Kanal, doch dazu sp\u00e4ter mehr.<\/p>\n\n\n\n<p>Begleiten wir eine Kundgebung oder Demonstration, findet Ihr dazu eine separate Ank\u00fcndigung mit allen Informationen zum Aufruf, Anreise, voraussichtlicher Route, eventuelle \u00c4nderungen auf diesem Blog.<\/p>\n\n\n\n<p><strong><span style=\"text-decoration: underline\">Vorteil:<\/span><\/strong><\/p>\n\n\n\n<p>Eine Registrierung oder \u00e4hnliches ist nicht notwendig, alle Ver\u00f6ffentlichungen sind f\u00fcr alle frei zug\u00e4nglich.<\/p>\n\n\n\n<p>Da wir die Blogs auf Strukturen unseres Vertrauens hosten, werden keine Zugriffsdaten aufgezeichnet und dem zur Folge auch nicht herausgegeben. Das ganze l\u00e4sst sich nochmals \u00fcber VPN und\/oder TOR zus\u00e4tzlich verschleiern.<\/p>\n\n\n\n<p><strong>Nachteil:<\/strong><\/p>\n\n\n\n<p>Ihr werdet nicht automatisch informiert, wenn es Neuigkeiten gibt.<\/p>\n\n\n\n<p>Wenn Ihr st\u00e4ndig gut informiert sein wollt, m\u00fcsst Ihr proaktiv selber regelm\u00e4\u00dfig die Blogs aufrufen und auf Neuigkeiten pr\u00fcfen.<\/p>\n","protected":false},"excerpt":{"rendered":"<p>Da wir Ticker und Ank\u00fcndigungen nicht mehr alleine stemmen k\u00f6nnen, arbeiten wir mit den Gef\u00e4hrt_innen von ASAN Berlin zusammen. Hier findet Ihr alle Ank\u00fcndigungen, unabh\u00e4ngig davon ob wir Sie begleiten oder nicht im &#8222;Berlin Demo Kalender&#8220;. Die Gef\u00e4hrt_innen spiegeln das auch in Deutsch und Englisch auf den Berlin Demo Telegram Kanal, doch dazu sp\u00e4ter mehr. &hellip; <\/p>\n<p class=\"link-more\"><a href=\"https:\/\/demotickerberlin.noblogs.org\/?page_id=2836\" class=\"more-link\"><span class=\"screen-reader-text\">\u201eDer Blog\u201c <\/span>weiterlesen<\/a><\/p>\n","protected":false},"author":13687,"featured_media":0,"parent":0,"menu_order":0,"comment_status":"closed","ping_status":"closed","template":"","meta":{"footnotes":""},"class_list":["post-2836","page","type-page","status-publish","hentry"],"_links":{"self":[{"href":"https:\/\/demotickerberlin.noblogs.org\/index.php?rest_route=\/wp\/v2\/pages\/2836","targetHints":{"allow":["GET"]}}],"collection":[{"href":"https:\/\/demotickerberlin.noblogs.org\/index.php?rest_route=\/wp\/v2\/pages"}],"about":[{"href":"https:\/\/demotickerberlin.noblogs.org\/index.php?rest_route=\/wp\/v2\/types\/page"}],"author":[{"embeddable":true,"href":"https:\/\/demotickerberlin.noblogs.org\/index.php?rest_route=\/wp\/v2\/users\/13687"}],"replies":[{"embeddable":true,"href":"https:\/\/demotickerberlin.noblogs.org\/index.php?rest_route=%2Fwp%2Fv2%2Fcomments&post=2836"}],"version-history":[{"count":2,"href":"https:\/\/demotickerberlin.noblogs.org\/index.php?rest_route=\/wp\/v2\/pages\/2836\/revisions"}],"predecessor-version":[{"id":2840,"href":"https:\/\/demotickerberlin.noblogs.org\/index.php?rest_route=\/wp\/v2\/pages\/2836\/revisions\/2840"}],"wp:attachment":[{"href":"https:\/\/demotickerberlin.noblogs.org\/index.php?rest_route=%2Fwp%2Fv2%2Fmedia&parent=2836"}],"curies":[{"name":"wp","href":"https:\/\/api.w.org\/{rel}","templated":true}]}}