{"id":2841,"date":"2023-01-03T20:11:58","date_gmt":"2023-01-03T19:11:58","guid":{"rendered":"https:\/\/demotickerberlin.noblogs.org\/?page_id=2841"},"modified":"2023-01-03T20:19:22","modified_gmt":"2023-01-03T19:19:22","slug":"web-live-ticker","status":"publish","type":"page","link":"https:\/\/demotickerberlin.noblogs.org\/?page_id=2841","title":{"rendered":"Web Live Ticker"},"content":{"rendered":"\n<p>Wir nutzen zum tickern von Kundgebungen und Demonstrationen den <a rel=\"noreferrer noopener\" href=\"https:\/\/berlin.demoticker.org\/\" target=\"_blank\">Systemli Web Ticker<\/a>, alle Infos werden 1:1 auf alle anderen Kan\u00e4le \u00fcber BOTs gespiegelt. BOTs sind Scripte \/  Programme, die alle Informationen automatisch in alle weiteren Social Media Kan\u00e4le spiegeln.  Inhaltlich sind alle Live Ticker Kan\u00e4le identisch.<\/p>\n\n\n\n<p>Dieser Kanal ist unser Favorit, da er ohne Registrierung auskommt, auch auf WAP f\u00e4higen Handys funktioniert und keine Auskunft dar\u00fcber gibt, wie viele Menschen den Kanal lesen.<\/p>\n\n\n\n<p>\u26a0\ufe0f <strong>Auf diesem Kanal gibt es keine Ank\u00fcndigungen!<\/strong><\/p>\n\n\n\n<p><strong><span style=\"text-decoration: underline\">Vorteil:<\/span><\/strong><\/p>\n\n\n\n<p>Der Web Ticker Kanal funktioniert nicht nur auf Smartphones, sondern als Text Ticker auf allen Internet f\u00e4higen Handys (WAP).<\/p>\n\n\n\n<p>Eine Registrierung oder \u00e4hnliches ist nicht notwendig, alle Ver\u00f6ffentlichungen sind f\u00fcr alle frei zug\u00e4nglich.<\/p>\n\n\n\n<p>Ihr m\u00fcsst die Seite nicht neu laden, bei Eingang einer neuen Message aktualisiert sich die Seite von selbst.<\/p>\n\n\n\n<p>Da der Ticker auf einer sicheren Struktur von Systemli gehostet wird, werden keine Zugriffsdaten aufgezeichnet und dem zur Folge auch nicht herausgegeben. Das ganze l\u00e4sst sich nochmals \u00fcber VPN und\/oder TOR zus\u00e4tzlich verschleiern.<\/p>\n\n\n\n<p><strong>Nachteil:<\/strong><\/p>\n\n\n\n<p>Ihr werdet nicht automatisch durch ein Batch Icon oder Hinweiston informiert, wenn es Neuigkeiten gibt.<\/p>\n\n\n\n<p>Wenn Ihr informiert sein wollt, m\u00fcsst Ihr proaktiv selber regelm\u00e4\u00dfig den Ticker aufrufen und Aktualisierungen beobachten.<\/p>\n","protected":false},"excerpt":{"rendered":"<p>Wir nutzen zum tickern von Kundgebungen und Demonstrationen den Systemli Web Ticker, alle Infos werden 1:1 auf alle anderen Kan\u00e4le \u00fcber BOTs gespiegelt. BOTs sind Scripte \/ Programme, die alle Informationen automatisch in alle weiteren Social Media Kan\u00e4le spiegeln. Inhaltlich sind alle Live Ticker Kan\u00e4le identisch. Dieser Kanal ist unser Favorit, da er ohne Registrierung &hellip; <\/p>\n<p class=\"link-more\"><a href=\"https:\/\/demotickerberlin.noblogs.org\/?page_id=2841\" class=\"more-link\"><span class=\"screen-reader-text\">\u201eWeb Live Ticker\u201c <\/span>weiterlesen<\/a><\/p>\n","protected":false},"author":13687,"featured_media":0,"parent":0,"menu_order":0,"comment_status":"closed","ping_status":"closed","template":"","meta":{"footnotes":""},"class_list":["post-2841","page","type-page","status-publish","hentry"],"_links":{"self":[{"href":"https:\/\/demotickerberlin.noblogs.org\/index.php?rest_route=\/wp\/v2\/pages\/2841","targetHints":{"allow":["GET"]}}],"collection":[{"href":"https:\/\/demotickerberlin.noblogs.org\/index.php?rest_route=\/wp\/v2\/pages"}],"about":[{"href":"https:\/\/demotickerberlin.noblogs.org\/index.php?rest_route=\/wp\/v2\/types\/page"}],"author":[{"embeddable":true,"href":"https:\/\/demotickerberlin.noblogs.org\/index.php?rest_route=\/wp\/v2\/users\/13687"}],"replies":[{"embeddable":true,"href":"https:\/\/demotickerberlin.noblogs.org\/index.php?rest_route=%2Fwp%2Fv2%2Fcomments&post=2841"}],"version-history":[{"count":5,"href":"https:\/\/demotickerberlin.noblogs.org\/index.php?rest_route=\/wp\/v2\/pages\/2841\/revisions"}],"predecessor-version":[{"id":2851,"href":"https:\/\/demotickerberlin.noblogs.org\/index.php?rest_route=\/wp\/v2\/pages\/2841\/revisions\/2851"}],"wp:attachment":[{"href":"https:\/\/demotickerberlin.noblogs.org\/index.php?rest_route=%2Fwp%2Fv2%2Fmedia&parent=2841"}],"curies":[{"name":"wp","href":"https:\/\/api.w.org\/{rel}","templated":true}]}}