{"id":2852,"date":"2023-01-03T21:06:06","date_gmt":"2023-01-03T20:06:06","guid":{"rendered":"https:\/\/demotickerberlin.noblogs.org\/?page_id=2852"},"modified":"2023-01-03T21:06:06","modified_gmt":"2023-01-03T20:06:06","slug":"mastodon-live-ticker","status":"publish","type":"page","link":"https:\/\/demotickerberlin.noblogs.org\/?page_id=2852","title":{"rendered":"Mastodon Live Ticker"},"content":{"rendered":"\n<p>Mastodon (Fediverse), auch besser bekannt als &#8222;<em>besser Tr\u00f6ten ohne Nazis<\/em>&#8220; ist ein Netzwerk f\u00f6derierter, voneinander unabh\u00e4ngiger sozialer Netzwerke, Mikroblogging-Dienste und Webseiten f\u00fcr Online-Publikation oder Daten-Hosting.<\/p>\n\n\n\n<p>Es funktioniert \u00e4hnlich dem kommerziellen Dienst &#8222;Twitter&#8220;, unserer Meinung nach komfortabler und abh\u00e4ngig von der Instanz auch sicherer. Im Gegensatz zu Twitter geh\u00f6rt Mastodon niemandem, jeder kann theoretisch eine eigene Mastodon Instanz betreiben und verwalten.<\/p>\n\n\n\n<p>Wer Twitter gew\u00f6hnt ist, wird leicht mit Mastodon klarkommen. Mastodon ist \u00fcber Web Browser oder Clients f\u00fcr alle Betriebssysteme und Smartphones erreichbar. Es werden grunds\u00e4tzlich keine sensiblen Daten (Mobilfunkrufnummer) bei der Registrierung abgefragt, eine Emailadresse ist vollkommen ausreichend.<\/p>\n\n\n\n<p>Ihr solltet Euch eine Linke Instanz f\u00fcr die Registrierung aussuchen, um so die Sicherheit Eurer Daten zu erh\u00f6hen, des weiteren gelten die Regeln der Instanz und Ihr bleibt lokal zumindest von offensichtlichen Trollen verschont.<\/p>\n\n\n\n<p>Unter der Adresse <a rel=\"noreferrer noopener\" href=\"https:\/\/todon.eu\/@Demo_Ticker_Berlin\" target=\"_blank\">@Demo_Ticker_Berlin@todon.eu<\/a> ver\u00f6ffentlichen wir Aufrufe von Kundgebungen und Demonstrationen in gek\u00fcrzter Fassung (1312 Zeichen), sowie Live Ticker Nachrichten.<\/p>\n\n\n\n<p><strong>Vorteil:<\/strong><\/p>\n\n\n\n<p>Mastodon ist kein kommerziell kontrollierter Dienst, frei von Werbung, im Vergleich zu Twitter auf linken Instanzen bedeutend sicherer und durch die dezentrale Struktur nicht so kontrolliert und verletzlich, wie das mit Twitter unter Musk der Fall ist.<\/p>\n\n\n\n<p>Die Funktionen sind \u00e4hnlich wie bei Twitter, es ist auch m\u00f6glich Listen anzulegen und so bestimmte Postings \u00fcbersichtlich zu filtern.<\/p>\n\n\n\n<p>Man kann \u00fcber den Web Browser das Profil wie beim Web Ticker auch ohne Registrierung alle Posts lesen.<\/p>\n\n\n\n<p>Es ist m\u00f6glich die Follower und wem man folgt f\u00fcr Dritte auszublenden.<\/p>\n\n\n\n<p><strong>Nachteil:<\/strong><\/p>\n\n\n\n<p>Es ist eine Umstellung auf einen anderen Dienst, der sicherlich eine Eingew\u00f6hnung erfordert und im Vergleich zum Vogel noch ruhiger.<\/p>\n\n\n\n<p>Die Anzahl der Follower ist sichtbar.<\/p>\n\n\n\n<p>Die Listen Funktion scheint nicht in allen Clients unterst\u00fctzt zu werden.<\/p>\n\n\n\n<p><strong>Hinweis:<\/strong><\/p>\n\n\n\n<p>Hauptgrund f\u00fcr Mastodon anstelle von Twitter ist f\u00fcr uns allein schon durch die Person Elon Musk begr\u00fcndet. Musk verfolgt seine rechtsradikale Agenda, dass bisherige Verhalten wirft berechtigte Fragen und Zweifel auf, wie sicher die von Twitter angeh\u00e4uften Nutzerdaten sind und in welche H\u00e4nde sie unter Umst\u00e4nden geraten k\u00f6nnten.<\/p>\n","protected":false},"excerpt":{"rendered":"<p>Mastodon (Fediverse), auch besser bekannt als &#8222;besser Tr\u00f6ten ohne Nazis&#8220; ist ein Netzwerk f\u00f6derierter, voneinander unabh\u00e4ngiger sozialer Netzwerke, Mikroblogging-Dienste und Webseiten f\u00fcr Online-Publikation oder Daten-Hosting. Es funktioniert \u00e4hnlich dem kommerziellen Dienst &#8222;Twitter&#8220;, unserer Meinung nach komfortabler und abh\u00e4ngig von der Instanz auch sicherer. Im Gegensatz zu Twitter geh\u00f6rt Mastodon niemandem, jeder kann theoretisch eine eigene &hellip; <\/p>\n<p class=\"link-more\"><a href=\"https:\/\/demotickerberlin.noblogs.org\/?page_id=2852\" class=\"more-link\"><span class=\"screen-reader-text\">\u201eMastodon Live Ticker\u201c <\/span>weiterlesen<\/a><\/p>\n","protected":false},"author":13687,"featured_media":0,"parent":0,"menu_order":0,"comment_status":"closed","ping_status":"closed","template":"","meta":{"footnotes":""},"class_list":["post-2852","page","type-page","status-publish","hentry"],"_links":{"self":[{"href":"https:\/\/demotickerberlin.noblogs.org\/index.php?rest_route=\/wp\/v2\/pages\/2852","targetHints":{"allow":["GET"]}}],"collection":[{"href":"https:\/\/demotickerberlin.noblogs.org\/index.php?rest_route=\/wp\/v2\/pages"}],"about":[{"href":"https:\/\/demotickerberlin.noblogs.org\/index.php?rest_route=\/wp\/v2\/types\/page"}],"author":[{"embeddable":true,"href":"https:\/\/demotickerberlin.noblogs.org\/index.php?rest_route=\/wp\/v2\/users\/13687"}],"replies":[{"embeddable":true,"href":"https:\/\/demotickerberlin.noblogs.org\/index.php?rest_route=%2Fwp%2Fv2%2Fcomments&post=2852"}],"version-history":[{"count":1,"href":"https:\/\/demotickerberlin.noblogs.org\/index.php?rest_route=\/wp\/v2\/pages\/2852\/revisions"}],"predecessor-version":[{"id":2853,"href":"https:\/\/demotickerberlin.noblogs.org\/index.php?rest_route=\/wp\/v2\/pages\/2852\/revisions\/2853"}],"wp:attachment":[{"href":"https:\/\/demotickerberlin.noblogs.org\/index.php?rest_route=%2Fwp%2Fv2%2Fmedia&parent=2852"}],"curies":[{"name":"wp","href":"https:\/\/api.w.org\/{rel}","templated":true}]}}