{"id":80,"date":"2020-10-27T22:07:26","date_gmt":"2020-10-27T21:07:26","guid":{"rendered":"http:\/\/demotickerberlin.blackblogs.org\/?page_id=80"},"modified":"2025-09-12T22:47:03","modified_gmt":"2025-09-12T20:47:03","slug":"80-2","status":"publish","type":"page","link":"https:\/\/demotickerberlin.noblogs.org\/?page_id=80","title":{"rendered":"Kontakt"},"content":{"rendered":"<p style=\"text-align: left\">Wenn Du Kontakt\u00a0 mit uns aufnehmen m\u00f6chtest, schreibe bitte eine E-Mail an:<\/p>\n<p style=\"text-align: left\"><strong>demo-ticker-berlin\u24b6systemli.org<\/strong><\/p>\n<p style=\"text-align: left\">Grunds\u00e4tzlich solltest Du Emails mit PGP verschl\u00fcsselten. Du kannst den nachfolgenden \u00f6ffentlichen PGP Schl\u00fcssel einfach als .zip Datei herunter laden, um ihn dann in Deine Schl\u00fcsselverwaltung Deines Emailprogramms zu importieren.<\/p>\n<p style=\"text-align: left\">Denke daran, dass auch Dein \u00f6ffentlicher Schl\u00fcssel f\u00fcr uns zug\u00e4nglich sein muss, damit wir Deine Nachricht lesen k\u00f6nnen. Am besten h\u00e4ngst Du ihn an Deine Nachricht an uns mit an.<\/p>\n<p>Fingerprint: E98C 106B DE3B 556E C9B0 C0FB 97C8 825B 704F 3E15<\/p>\n<p data-wp-editing=\"1\"><a href=\"https:\/\/demotickerberlin.noblogs.org\/files\/2025\/09\/Demo-Ticker-Berlin_0x704F3E15_public.zip\" rel=\"noopener\"><img loading=\"lazy\" decoding=\"async\" class=\"alignnone wp-image-2777\" src=\"https:\/\/demotickerberlin.noblogs.org\/files\/2022\/12\/pgp-icon-9596.png\" alt=\"PGP Key Download (ZIP)\" width=\"30\" height=\"30\" srcset=\"https:\/\/demotickerberlin.noblogs.org\/files\/2022\/12\/pgp-icon-9596.png 256w, https:\/\/demotickerberlin.noblogs.org\/files\/2022\/12\/pgp-icon-9596-150x150.png 150w, https:\/\/demotickerberlin.noblogs.org\/files\/2022\/12\/pgp-icon-9596-100x100.png 100w\" sizes=\"auto, (max-width: 30px) 100vw, 30px\" \/><\/a><a href=\"https:\/\/demotickerberlin.noblogs.org\/files\/2025\/09\/Demo-Ticker-Berlin_0x704F3E15_public.zip\" target=\"_blank\" rel=\"noopener\"><strong>&lt;&#8212;<\/strong><strong>PGP Key Download (ZIP)<\/strong><\/a><\/p>\n","protected":false},"excerpt":{"rendered":"<p>Wenn Du Kontakt\u00a0 mit uns aufnehmen m\u00f6chtest, schreibe bitte eine E-Mail an: demo-ticker-berlin\u24b6systemli.org Grunds\u00e4tzlich solltest Du Emails mit PGP verschl\u00fcsselten. Du kannst den nachfolgenden \u00f6ffentlichen PGP Schl\u00fcssel einfach als .zip Datei herunter laden, um ihn dann in Deine Schl\u00fcsselverwaltung Deines Emailprogramms zu importieren. Denke daran, dass auch Dein \u00f6ffentlicher Schl\u00fcssel f\u00fcr uns zug\u00e4nglich sein muss, &hellip; <\/p>\n<p class=\"link-more\"><a href=\"https:\/\/demotickerberlin.noblogs.org\/?page_id=80\" class=\"more-link\"><span class=\"screen-reader-text\">\u201eKontakt\u201c <\/span>weiterlesen<\/a><\/p>\n","protected":false},"author":13687,"featured_media":0,"parent":0,"menu_order":0,"comment_status":"closed","ping_status":"closed","template":"","meta":{"footnotes":""},"class_list":["post-80","page","type-page","status-publish","hentry"],"_links":{"self":[{"href":"https:\/\/demotickerberlin.noblogs.org\/index.php?rest_route=\/wp\/v2\/pages\/80","targetHints":{"allow":["GET"]}}],"collection":[{"href":"https:\/\/demotickerberlin.noblogs.org\/index.php?rest_route=\/wp\/v2\/pages"}],"about":[{"href":"https:\/\/demotickerberlin.noblogs.org\/index.php?rest_route=\/wp\/v2\/types\/page"}],"author":[{"embeddable":true,"href":"https:\/\/demotickerberlin.noblogs.org\/index.php?rest_route=\/wp\/v2\/users\/13687"}],"replies":[{"embeddable":true,"href":"https:\/\/demotickerberlin.noblogs.org\/index.php?rest_route=%2Fwp%2Fv2%2Fcomments&post=80"}],"version-history":[{"count":15,"href":"https:\/\/demotickerberlin.noblogs.org\/index.php?rest_route=\/wp\/v2\/pages\/80\/revisions"}],"predecessor-version":[{"id":3292,"href":"https:\/\/demotickerberlin.noblogs.org\/index.php?rest_route=\/wp\/v2\/pages\/80\/revisions\/3292"}],"wp:attachment":[{"href":"https:\/\/demotickerberlin.noblogs.org\/index.php?rest_route=%2Fwp%2Fv2%2Fmedia&parent=80"}],"curies":[{"name":"wp","href":"https:\/\/api.w.org\/{rel}","templated":true}]}}